{"id":15901,"date":"2024-10-07T14:56:26","date_gmt":"2024-10-07T14:56:26","guid":{"rendered":"https:\/\/www.spinagroup.com\/etica-e-segnalazioni\/"},"modified":"2025-02-13T11:22:30","modified_gmt":"2025-02-13T11:22:30","slug":"etica-e-segnalazioni","status":"publish","type":"page","link":"https:\/\/www.spinagroup.com\/it\/etica-e-segnalazioni\/","title":{"rendered":"Etica e segnalazioni"},"content":{"rendered":"\t\t<div data-elementor-type=\"wp-page\" data-elementor-id=\"15901\" class=\"elementor elementor-15901 elementor-12825\" data-elementor-settings=\"{&quot;ha_cmc_init_switcher&quot;:&quot;no&quot;}\" data-elementor-post-type=\"page\">\n\t\t\t\t<div class=\"elementor-element elementor-element-3ebc6bc e-con-full e-flex e-con e-parent\" data-id=\"3ebc6bc\" data-element_type=\"container\" data-settings=\"{&quot;background_background&quot;:&quot;classic&quot;,&quot;_ha_eqh_enable&quot;:false}\">\n\t\t<div class=\"elementor-element elementor-element-e2fcc98 e-con-full e-flex e-con e-child\" data-id=\"e2fcc98\" data-element_type=\"container\" data-settings=\"{&quot;background_background&quot;:&quot;classic&quot;,&quot;_ha_eqh_enable&quot;:false}\">\n\t\t<div class=\"elementor-element elementor-element-b4a2477 e-con-full about-hero e-flex e-con e-child\" data-id=\"b4a2477\" data-element_type=\"container\" data-settings=\"{&quot;_ha_eqh_enable&quot;:false}\">\n\t\t<div class=\"elementor-element elementor-element-a12135e e-con-full e-flex e-con e-child\" data-id=\"a12135e\" data-element_type=\"container\" data-settings=\"{&quot;_ha_eqh_enable&quot;:false}\">\n\t\t\t\t<div class=\"elementor-element elementor-element-8b90c73 elementor-widget elementor-widget-heading\" data-id=\"8b90c73\" data-element_type=\"widget\" data-widget_type=\"heading.default\">\n\t\t\t\t<div class=\"elementor-widget-container\">\n\t\t\t\t\t<h2 class=\"elementor-heading-title elementor-size-default\">Etica e segnalazioni<\/h2>\t\t\t\t<\/div>\n\t\t\t\t<\/div>\n\t\t\t\t<div class=\"elementor-element elementor-element-3caeba2 elementor-widget-divider--view-line elementor-widget elementor-widget-divider\" data-id=\"3caeba2\" data-element_type=\"widget\" data-widget_type=\"divider.default\">\n\t\t\t\t<div class=\"elementor-widget-container\">\n\t\t\t\t\t\t\t<div class=\"elementor-divider\">\n\t\t\t<span class=\"elementor-divider-separator\">\n\t\t\t\t\t\t<\/span>\n\t\t<\/div>\n\t\t\t\t\t\t<\/div>\n\t\t\t\t<\/div>\n\t\t\t\t<\/div>\n\t\t<div class=\"elementor-element elementor-element-3679b30 e-con-full e-flex e-con e-child\" data-id=\"3679b30\" data-element_type=\"container\" data-settings=\"{&quot;_ha_eqh_enable&quot;:false}\">\n\t\t\t\t<div class=\"elementor-element elementor-element-08bfa00 elementor-widget elementor-widget-heading\" data-id=\"08bfa00\" data-element_type=\"widget\" data-widget_type=\"heading.default\">\n\t\t\t\t<div class=\"elementor-widget-container\">\n\t\t\t\t\t<h2 class=\"elementor-heading-title elementor-size-default\">Garantire trasparenza e integrit\u00e0<\/h2>\t\t\t\t<\/div>\n\t\t\t\t<\/div>\n\t\t\t\t<\/div>\n\t\t<div class=\"elementor-element elementor-element-04ae987 e-con-full e-flex e-con e-child\" data-id=\"04ae987\" data-element_type=\"container\" data-settings=\"{&quot;_ha_eqh_enable&quot;:false}\">\n\t\t\t\t<div class=\"elementor-element elementor-element-aef40b4 elementor-widget elementor-widget-text-editor\" data-id=\"aef40b4\" data-element_type=\"widget\" data-widget_type=\"text-editor.default\">\n\t\t\t\t<div class=\"elementor-widget-container\">\n\t\t\t\t\t\t\t\t\t<p>Noi di Spina Group ci impegniamo a promuovere una cultura di integrit\u00e0 e trasparenza. Crediamo nella possibilit\u00e0 che i dipendenti e le parti interessate possano segnalare dubbi in modo sicuro e confidenziale. Il nostro sistema di etica e segnalazione garantisce che tutte le voci siano ascoltate e che qualsiasi potenziale violazione venga affrontata tempestivamente ed efficacemente.  <\/p>\n\t\t\t\t\t\t\t\t<\/div>\n\t\t\t\t<\/div>\n\t\t\t\t<\/div>\n\t\t\t\t<\/div>\n\t\t\t\t<\/div>\n\t\t\t\t<\/div>\n\t\t<div class=\"elementor-element elementor-element-5ed99ee e-con-full e-flex e-con e-parent\" data-id=\"5ed99ee\" data-element_type=\"container\" data-settings=\"{&quot;background_background&quot;:&quot;gradient&quot;,&quot;_ha_eqh_enable&quot;:false}\">\n\t\t<div class=\"elementor-element elementor-element-76bcd4f e-con-full e-flex e-con e-child\" data-id=\"76bcd4f\" data-element_type=\"container\" data-settings=\"{&quot;_ha_eqh_enable&quot;:false}\">\n\t\t\t\t<div class=\"elementor-element elementor-element-4198814 elementor-widget elementor-widget-heading\" data-id=\"4198814\" data-element_type=\"widget\" data-widget_type=\"heading.default\">\n\t\t\t\t<div class=\"elementor-widget-container\">\n\t\t\t\t\t<h2 class=\"elementor-heading-title elementor-size-default\">Etica e segnalazioni<\/h2>\t\t\t\t<\/div>\n\t\t\t\t<\/div>\n\t\t\t\t<div class=\"elementor-element elementor-element-8dd8697 elementor-widget-divider--view-line elementor-widget elementor-widget-divider\" data-id=\"8dd8697\" data-element_type=\"widget\" data-widget_type=\"divider.default\">\n\t\t\t\t<div class=\"elementor-widget-container\">\n\t\t\t\t\t\t\t<div class=\"elementor-divider\">\n\t\t\t<span class=\"elementor-divider-separator\">\n\t\t\t\t\t\t<\/span>\n\t\t<\/div>\n\t\t\t\t\t\t<\/div>\n\t\t\t\t<\/div>\n\t\t\t\t<\/div>\n\t\t<div class=\"elementor-element elementor-element-d4fefe2 e-con-full e-flex e-con e-child\" data-id=\"d4fefe2\" data-element_type=\"container\" data-settings=\"{&quot;_ha_eqh_enable&quot;:false}\">\n\t\t\t\t<div class=\"elementor-element elementor-element-2a38f0e elementor-widget elementor-widget-heading\" data-id=\"2a38f0e\" data-element_type=\"widget\" data-widget_type=\"heading.default\">\n\t\t\t\t<div class=\"elementor-widget-container\">\n\t\t\t\t\t<h2 class=\"elementor-heading-title elementor-size-default\">Whistleblowing<\/h2>\t\t\t\t<\/div>\n\t\t\t\t<\/div>\n\t\t\t\t<div class=\"elementor-element elementor-element-05e0a6d elementor-widget elementor-widget-text-editor\" data-id=\"05e0a6d\" data-element_type=\"widget\" data-widget_type=\"text-editor.default\">\n\t\t\t\t<div class=\"elementor-widget-container\">\n\t\t\t\t\t\t\t\t\t<p>In conformit\u00e0 con quanto richiesto dal D.Lgs 24\/2023, che disciplina la segnalazione interna di comportamenti scorretti e garantisce la tutela dei segnalanti, Gruppo Spina ha implementato la piattaforma Zucchetti per facilitare la segnalazione sicura e riservata. Questa piattaforma consente ai dipendenti e alle parti interessate di segnalare eventuali irregolarit\u00e0 o preoccupazioni in linea con il nostro impegno nei confronti delle pratiche etiche e del rispetto degli standard legali. <\/p>\n<p>Per accedere alla piattaforma ed effettuare una segnalazione \u00e8 necessario completare la procedura di registrazione attraverso il seguente link: <a href=\"https:\/\/areariservata.mygovernance.it\/#!\/WB\/Spina-Group\/\">https:\/\/areariservata.mygovernance.it\/#!\/WB\/Spina-Group\/<\/a><\/p>\n\t\t\t\t\t\t\t\t<\/div>\n\t\t\t\t<\/div>\n\t\t\t\t<\/div>\n\t\t\t\t<\/div>\n\t\t\t\t<\/div>\n\t\t","protected":false},"excerpt":{"rendered":"<p>Etica e segnalazioni Garantire trasparenza e integrit\u00e0 Noi di Spina Group ci impegniamo a promuovere una cultura di integrit\u00e0 e trasparenza. Crediamo nella possibilit\u00e0 che i dipendenti e le parti interessate possano segnalare dubbi in modo sicuro e confidenziale. Il nostro sistema di etica e segnalazione garantisce che tutte le voci siano ascoltate e che [&hellip;]<\/p>\n","protected":false},"author":1,"featured_media":0,"parent":0,"menu_order":0,"comment_status":"closed","ping_status":"closed","template":"elementor_header_footer","meta":{"_acf_changed":false,"footnotes":""},"class_list":["post-15901","page","type-page","status-publish","hentry"],"acf":[],"yoast_head":"<!-- This site is optimized with the Yoast SEO plugin v24.2 - https:\/\/yoast.com\/wordpress\/plugins\/seo\/ -->\n<title>Etica e Segnalazioni - Trasparenza e Integrit\u00e0 in Spina Group<\/title>\n<meta name=\"description\" content=\"Scopri come Spina Group promuove l&#039;integrit\u00e0 e consente segnalazioni riservate per garantire trasparenza e tutela dei segnalanti\" \/>\n<meta name=\"robots\" content=\"index, follow, max-snippet:-1, max-image-preview:large, max-video-preview:-1\" \/>\n<link rel=\"canonical\" href=\"https:\/\/www.spinagroup.com\/it\/etica-e-segnalazioni\/\" \/>\n<meta property=\"og:locale\" content=\"it_IT\" \/>\n<meta property=\"og:type\" content=\"article\" \/>\n<meta property=\"og:title\" content=\"Etica e Segnalazioni - Trasparenza e Integrit\u00e0 in Spina Group\" \/>\n<meta property=\"og:description\" content=\"Scopri come Spina Group promuove l&#039;integrit\u00e0 e consente segnalazioni riservate per garantire trasparenza e tutela dei segnalanti\" \/>\n<meta property=\"og:url\" content=\"https:\/\/www.spinagroup.com\/it\/etica-e-segnalazioni\/\" \/>\n<meta property=\"og:site_name\" content=\"Spina Group - soluzioni integrate per impianti industriali - materiale elettrico\" \/>\n<meta property=\"article:publisher\" content=\"https:\/\/www.facebook.com\/SpinaGroup\/\" \/>\n<meta property=\"article:modified_time\" content=\"2025-02-13T11:22:30+00:00\" \/>\n<meta name=\"twitter:card\" content=\"summary_large_image\" \/>\n<meta name=\"twitter:site\" content=\"@spinagroupsrl\" \/>\n<meta name=\"twitter:label1\" content=\"Tempo di lettura stimato\" \/>\n\t<meta name=\"twitter:data1\" content=\"1 minuto\" \/>\n<script type=\"application\/ld+json\" class=\"yoast-schema-graph\">{\"@context\":\"https:\/\/schema.org\",\"@graph\":[{\"@type\":\"WebPage\",\"@id\":\"https:\/\/www.spinagroup.com\/it\/etica-e-segnalazioni\/\",\"url\":\"https:\/\/www.spinagroup.com\/it\/etica-e-segnalazioni\/\",\"name\":\"Etica e Segnalazioni - Trasparenza e Integrit\u00e0 in Spina Group\",\"isPartOf\":{\"@id\":\"https:\/\/www.spinagroup.com\/it\/#website\"},\"datePublished\":\"2024-10-07T14:56:26+00:00\",\"dateModified\":\"2025-02-13T11:22:30+00:00\",\"description\":\"Scopri come Spina Group promuove l'integrit\u00e0 e consente segnalazioni riservate per garantire trasparenza e tutela dei segnalanti\",\"breadcrumb\":{\"@id\":\"https:\/\/www.spinagroup.com\/it\/etica-e-segnalazioni\/#breadcrumb\"},\"inLanguage\":\"it-IT\",\"potentialAction\":[{\"@type\":\"ReadAction\",\"target\":[\"https:\/\/www.spinagroup.com\/it\/etica-e-segnalazioni\/\"]}]},{\"@type\":\"BreadcrumbList\",\"@id\":\"https:\/\/www.spinagroup.com\/it\/etica-e-segnalazioni\/#breadcrumb\",\"itemListElement\":[{\"@type\":\"ListItem\",\"position\":1,\"name\":\"Home\",\"item\":\"https:\/\/www.spinagroup.com\/it\/\"},{\"@type\":\"ListItem\",\"position\":2,\"name\":\"Etica e segnalazioni\"}]},{\"@type\":\"WebSite\",\"@id\":\"https:\/\/www.spinagroup.com\/it\/#website\",\"url\":\"https:\/\/www.spinagroup.com\/it\/\",\"name\":\"Spina Group - soluzioni integrate per impianti industriali - materiale elettrico\",\"description\":\"\",\"publisher\":{\"@id\":\"https:\/\/www.spinagroup.com\/it\/#organization\"},\"potentialAction\":[{\"@type\":\"SearchAction\",\"target\":{\"@type\":\"EntryPoint\",\"urlTemplate\":\"https:\/\/www.spinagroup.com\/it\/?s={search_term_string}\"},\"query-input\":{\"@type\":\"PropertyValueSpecification\",\"valueRequired\":true,\"valueName\":\"search_term_string\"}}],\"inLanguage\":\"it-IT\"},{\"@type\":\"Organization\",\"@id\":\"https:\/\/www.spinagroup.com\/it\/#organization\",\"name\":\"SpinaGroup Srl\",\"url\":\"https:\/\/www.spinagroup.com\/it\/\",\"logo\":{\"@type\":\"ImageObject\",\"inLanguage\":\"it-IT\",\"@id\":\"https:\/\/www.spinagroup.com\/it\/#\/schema\/logo\/image\/\",\"url\":\"https:\/\/www.spinagroup.com\/wp-content\/uploads\/2024\/03\/Spina_rgb.svg\",\"contentUrl\":\"https:\/\/www.spinagroup.com\/wp-content\/uploads\/2024\/03\/Spina_rgb.svg\",\"caption\":\"SpinaGroup Srl\"},\"image\":{\"@id\":\"https:\/\/www.spinagroup.com\/it\/#\/schema\/logo\/image\/\"},\"sameAs\":[\"https:\/\/www.facebook.com\/SpinaGroup\/\",\"https:\/\/x.com\/spinagroupsrl\",\"https:\/\/www.instagram.com\/spina_justsolutions\",\"https:\/\/it.linkedin.com\/company\/spinagroup\"]}]}<\/script>\n<!-- \/ Yoast SEO plugin. -->","yoast_head_json":{"title":"Etica e Segnalazioni - Trasparenza e Integrit\u00e0 in Spina Group","description":"Scopri come Spina Group promuove l'integrit\u00e0 e consente segnalazioni riservate per garantire trasparenza e tutela dei segnalanti","robots":{"index":"index","follow":"follow","max-snippet":"max-snippet:-1","max-image-preview":"max-image-preview:large","max-video-preview":"max-video-preview:-1"},"canonical":"https:\/\/www.spinagroup.com\/it\/etica-e-segnalazioni\/","og_locale":"it_IT","og_type":"article","og_title":"Etica e Segnalazioni - Trasparenza e Integrit\u00e0 in Spina Group","og_description":"Scopri come Spina Group promuove l'integrit\u00e0 e consente segnalazioni riservate per garantire trasparenza e tutela dei segnalanti","og_url":"https:\/\/www.spinagroup.com\/it\/etica-e-segnalazioni\/","og_site_name":"Spina Group - soluzioni integrate per impianti industriali - materiale elettrico","article_publisher":"https:\/\/www.facebook.com\/SpinaGroup\/","article_modified_time":"2025-02-13T11:22:30+00:00","twitter_card":"summary_large_image","twitter_site":"@spinagroupsrl","twitter_misc":{"Tempo di lettura stimato":"1 minuto"},"schema":{"@context":"https:\/\/schema.org","@graph":[{"@type":"WebPage","@id":"https:\/\/www.spinagroup.com\/it\/etica-e-segnalazioni\/","url":"https:\/\/www.spinagroup.com\/it\/etica-e-segnalazioni\/","name":"Etica e Segnalazioni - Trasparenza e Integrit\u00e0 in Spina Group","isPartOf":{"@id":"https:\/\/www.spinagroup.com\/it\/#website"},"datePublished":"2024-10-07T14:56:26+00:00","dateModified":"2025-02-13T11:22:30+00:00","description":"Scopri come Spina Group promuove l'integrit\u00e0 e consente segnalazioni riservate per garantire trasparenza e tutela dei segnalanti","breadcrumb":{"@id":"https:\/\/www.spinagroup.com\/it\/etica-e-segnalazioni\/#breadcrumb"},"inLanguage":"it-IT","potentialAction":[{"@type":"ReadAction","target":["https:\/\/www.spinagroup.com\/it\/etica-e-segnalazioni\/"]}]},{"@type":"BreadcrumbList","@id":"https:\/\/www.spinagroup.com\/it\/etica-e-segnalazioni\/#breadcrumb","itemListElement":[{"@type":"ListItem","position":1,"name":"Home","item":"https:\/\/www.spinagroup.com\/it\/"},{"@type":"ListItem","position":2,"name":"Etica e segnalazioni"}]},{"@type":"WebSite","@id":"https:\/\/www.spinagroup.com\/it\/#website","url":"https:\/\/www.spinagroup.com\/it\/","name":"Spina Group - soluzioni integrate per impianti industriali - materiale elettrico","description":"","publisher":{"@id":"https:\/\/www.spinagroup.com\/it\/#organization"},"potentialAction":[{"@type":"SearchAction","target":{"@type":"EntryPoint","urlTemplate":"https:\/\/www.spinagroup.com\/it\/?s={search_term_string}"},"query-input":{"@type":"PropertyValueSpecification","valueRequired":true,"valueName":"search_term_string"}}],"inLanguage":"it-IT"},{"@type":"Organization","@id":"https:\/\/www.spinagroup.com\/it\/#organization","name":"SpinaGroup Srl","url":"https:\/\/www.spinagroup.com\/it\/","logo":{"@type":"ImageObject","inLanguage":"it-IT","@id":"https:\/\/www.spinagroup.com\/it\/#\/schema\/logo\/image\/","url":"https:\/\/www.spinagroup.com\/wp-content\/uploads\/2024\/03\/Spina_rgb.svg","contentUrl":"https:\/\/www.spinagroup.com\/wp-content\/uploads\/2024\/03\/Spina_rgb.svg","caption":"SpinaGroup Srl"},"image":{"@id":"https:\/\/www.spinagroup.com\/it\/#\/schema\/logo\/image\/"},"sameAs":["https:\/\/www.facebook.com\/SpinaGroup\/","https:\/\/x.com\/spinagroupsrl","https:\/\/www.instagram.com\/spina_justsolutions","https:\/\/it.linkedin.com\/company\/spinagroup"]}]}},"_links":{"self":[{"href":"https:\/\/www.spinagroup.com\/it\/wp-json\/wp\/v2\/pages\/15901","targetHints":{"allow":["GET"]}}],"collection":[{"href":"https:\/\/www.spinagroup.com\/it\/wp-json\/wp\/v2\/pages"}],"about":[{"href":"https:\/\/www.spinagroup.com\/it\/wp-json\/wp\/v2\/types\/page"}],"author":[{"embeddable":true,"href":"https:\/\/www.spinagroup.com\/it\/wp-json\/wp\/v2\/users\/1"}],"replies":[{"embeddable":true,"href":"https:\/\/www.spinagroup.com\/it\/wp-json\/wp\/v2\/comments?post=15901"}],"version-history":[{"count":4,"href":"https:\/\/www.spinagroup.com\/it\/wp-json\/wp\/v2\/pages\/15901\/revisions"}],"predecessor-version":[{"id":19270,"href":"https:\/\/www.spinagroup.com\/it\/wp-json\/wp\/v2\/pages\/15901\/revisions\/19270"}],"wp:attachment":[{"href":"https:\/\/www.spinagroup.com\/it\/wp-json\/wp\/v2\/media?parent=15901"}],"curies":[{"name":"wp","href":"https:\/\/api.w.org\/{rel}","templated":true}]}}